{"id":100,"date":"2019-10-24T15:35:38","date_gmt":"2019-10-24T12:35:38","guid":{"rendered":"http:\/\/demo.safirtema.com\/delta\/?page_id=100"},"modified":"2022-07-06T16:55:51","modified_gmt":"2022-07-06T13:55:51","slug":"hakkimizda","status":"publish","type":"page","link":"https:\/\/kaffetedarik.com\/?page_id=100","title":{"rendered":"Hakk\u0131m\u0131zda"},"content":{"rendered":"\r\n<figure class=\"wp-block-image\"><img loading=\"lazy\" decoding=\"async\" width=\"1000\" height=\"570\" class=\"wp-image-101\" src=\"https:\/\/kaffetedarik.com\/wp-content\/uploads\/2019\/10\/about.jpg\" alt=\"\" srcset=\"https:\/\/kaffetedarik.com\/wp-content\/uploads\/2019\/10\/about.jpg 1000w, https:\/\/kaffetedarik.com\/wp-content\/uploads\/2019\/10\/about-300x171.jpg 300w, https:\/\/kaffetedarik.com\/wp-content\/uploads\/2019\/10\/about-768x438.jpg 768w\" sizes=\"(max-width: 1000px) 100vw, 1000px\" \/><\/figure>\r\n\r\n\r\n\r\n<div class=\"wp-block-safirtema-mainheading mainHeading\">\r\n<div class=\"icon icon9\"><strong>KAFFE TEDAR\u0130K<\/strong><\/div>\r\n<div>\u00a0<\/div>\r\n<div class=\"text\">\r\n<div class=\"wpb_column vc_column_container vc_col-sm-6\">\r\n<div class=\"vc_column-inner vc_custom_1494857398526\">\r\n<div class=\"wpb_wrapper\">\r\n<div class=\"wpb_text_column wpb_content_element vc_custom_1591019030449\">\r\n<div class=\"wpb_wrapper\">\r\n<p><span data-contrast=\"auto\">Ticari faaliyetinde m\u00fc\u015fteri memnuniyetini \u00f6n planda tutan anlay\u0131\u015fa sahip bak\u0131\u015f a\u00e7\u0131m\u0131zla, tedarik\u00e7ileri ile h\u0131zl\u0131 \u00e7\u00f6z\u00fcmler \u00fcreterek beklentilere yerinde ve do\u011fru \u00e7\u00f6z\u00fcmler sunmaktay\u0131z. Sekt\u00f6rde ya\u015fanan geli\u015fmeleri yak\u0131ndan takip ederek; sahip oldu\u011fumuz misyon ve vizyona uygun \u015fekilde uygulamalar\u0131m\u0131za yans\u0131tmaktay\u0131z.<\/span><span data-ccp-props=\"{&quot;201341983&quot;:0,&quot;335559739&quot;:300,&quot;335559740&quot;:240}\">\u00a0<\/span><\/p>\r\n<p><span data-contrast=\"auto\">Hedefimiz hizmet kalitemizden \u00f6d\u00fcn vermeden yerel ve ulusal \u00e7apta faaliyet g\u00f6steren bir Ev D\u0131\u015f\u0131 T\u00fcketim firmas\u0131 olarak devam etmektir. Firma olarak hizmet verdi\u011fimiz Ev D\u0131\u015f\u0131 T\u00fcketim noktalar\u0131na ve di\u011fer m\u00fc\u015fterilerimize kesintisiz, y\u00fcksek kalitede hizmet vermeyi ama\u00e7lamaktay\u0131z.\u00a0<\/span><span data-ccp-props=\"{&quot;201341983&quot;:0,&quot;335559739&quot;:300,&quot;335559740&quot;:240}\">\u00a0<\/span><\/p>\r\n<p><span data-contrast=\"auto\">Merkezimiz -18, +4 so\u011fuk hava alanlar\u0131na sahiptir. Firmalara ve tedarik\u00e7ilerine ofis, depolama, lojistik ve da\u011f\u0131t\u0131m konular\u0131nda imk\u00e2n olu\u015fturmakta, firma ve tedarik\u00e7ilerine bu anlamda \u00e7\u00f6z\u00fcmler sunmaktay\u0131z.\u00a0<\/span><span data-ccp-props=\"{&quot;201341983&quot;:0,&quot;335559739&quot;:160,&quot;335559740&quot;:240}\">\u00a0<\/span><\/p>\r\n<\/div>\r\n<\/div>\r\n<\/div>\r\n<\/div>\r\n<\/div>\r\n<div class=\"wpb_column vc_column_container vc_col-sm-6\">\r\n<div class=\"vc_column-inner vc_custom_1494857394949\">\r\n<div class=\"wpb_wrapper\">\r\n<div class=\"wpb_text_column wpb_content_element vc_custom_1591019044151\">\r\n<div class=\"wpb_wrapper\">\r\n<p><span data-contrast=\"auto\">\u0130stanbul genelini kapsayacak \u015fekilde \u00e7al\u0131\u015fmalar\u0131m\u0131z\u0131 s\u00fcrd\u00fcrmekte,\u00a0<\/span><span data-contrast=\"auto\">t<\/span><span data-contrast=\"auto\">edarik\u00e7i firmalar\u0131m\u0131za so\u011fuk sat\u0131\u015f sistemi, s\u0131cak sat\u0131\u015f sistemi, yayg\u0131n da\u011f\u0131t\u0131m, lojistik hizmetlerini sunmaktay\u0131z. Ara\u00e7 filomuz ihtiya\u00e7lar\u0131 kar\u015f\u0131layacak \u00f6l\u00e7\u00fcde\u00a0<\/span><span data-contrast=\"auto\">olup<\/span><span data-contrast=\"auto\">\u00a0olu\u015facak imkanlar \u00e7er\u00e7evesinde yat\u0131r\u0131m sa\u011flanmaktad\u0131r. Depo indirme<\/span><span data-contrast=\"auto\">\u2013<\/span><span data-contrast=\"auto\">bindirme i\u015flemlerimiz\u00a0<\/span><span data-contrast=\"auto\">forklift<\/span><span data-contrast=\"auto\">\u00a0ve paletli \u015fekilde yap\u0131lmaktad\u0131r.<\/span><span data-ccp-props=\"{&quot;201341983&quot;:0,&quot;335559739&quot;:160,&quot;335559740&quot;:259}\">\u00a0<\/span><\/p>\r\n<p><span data-contrast=\"auto\"><strong>Misyonumuz<\/strong>, faaliyette bulundu\u011fu<\/span><span data-contrast=\"auto\">muz\u00a0<\/span><span data-contrast=\"auto\">alanda tedarik\u00e7ileri ile<\/span><span data-contrast=\"auto\">\u00a0<\/span><span data-contrast=\"auto\">m\u00fc\u015fteri beklentileri do\u011frultusunda, insan sa\u011fl\u0131\u011f\u0131n\u0131 \u00f6n planda tutan \u00fcr\u00fcnleri ve hizmetleri m\u00fc\u015fterilerine sunmak i\u00e7in faaliyette bulunmakt\u0131r.<\/span><span data-ccp-props=\"{&quot;201341983&quot;:0,&quot;335559739&quot;:160,&quot;335559740&quot;:259}\">\u00a0<\/span><\/p>\r\n<p><span data-contrast=\"auto\"><strong>Vizyonumuz<\/strong>, \u00fclkemizde faaliyet alan\u0131nda kaliteli hizmet anlay\u0131\u015f\u0131nda s\u00fcreklilik, de\u011fi\u015fimci yap\u0131s\u0131yla i\u00e7inde bulundu\u011fu sekt\u00f6re liderlik yaparak hedefleri ile b\u00fcy\u00fcyen k\u00e2rl\u0131 bir kurulu\u015f olmakt\u0131r.<\/span><span data-ccp-props=\"{&quot;201341983&quot;:0,&quot;335559739&quot;:160,&quot;335559740&quot;:259}\">\u00a0<\/span><\/p>\r\n<\/div>\r\n<\/div>\r\n<\/div>\r\n<\/div>\r\n<\/div>\r\n<\/div>\r\n<\/div>\r\n","protected":false},"excerpt":{"rendered":"","protected":false},"author":1,"featured_media":0,"parent":0,"menu_order":0,"comment_status":"closed","ping_status":"closed","template":"","meta":{"footnotes":""},"_links":{"self":[{"href":"https:\/\/kaffetedarik.com\/index.php?rest_route=\/wp\/v2\/pages\/100"}],"collection":[{"href":"https:\/\/kaffetedarik.com\/index.php?rest_route=\/wp\/v2\/pages"}],"about":[{"href":"https:\/\/kaffetedarik.com\/index.php?rest_route=\/wp\/v2\/types\/page"}],"author":[{"embeddable":true,"href":"https:\/\/kaffetedarik.com\/index.php?rest_route=\/wp\/v2\/users\/1"}],"replies":[{"embeddable":true,"href":"https:\/\/kaffetedarik.com\/index.php?rest_route=%2Fwp%2Fv2%2Fcomments&post=100"}],"version-history":[{"count":8,"href":"https:\/\/kaffetedarik.com\/index.php?rest_route=\/wp\/v2\/pages\/100\/revisions"}],"predecessor-version":[{"id":376,"href":"https:\/\/kaffetedarik.com\/index.php?rest_route=\/wp\/v2\/pages\/100\/revisions\/376"}],"wp:attachment":[{"href":"https:\/\/kaffetedarik.com\/index.php?rest_route=%2Fwp%2Fv2%2Fmedia&parent=100"}],"curies":[{"name":"wp","href":"https:\/\/api.w.org\/{rel}","templated":true}]}}