{"id":355,"date":"2022-07-05T21:53:11","date_gmt":"2022-07-05T18:53:11","guid":{"rendered":"https:\/\/kaffetedarik.com\/?page_id=355"},"modified":"2022-07-06T21:07:13","modified_gmt":"2022-07-06T18:07:13","slug":"gizlilik-politikasi","status":"publish","type":"page","link":"https:\/\/kaffetedarik.com\/?page_id=355","title":{"rendered":"Gizlilik Politikas\u0131"},"content":{"rendered":"<p><strong>KAFFE TEDAR\u0130K<\/strong> gizlili\u011finizi korumak ve kullan\u0131lmakta bulunan teknolojik altyap\u0131dan en \u00fcst seviyede yararlanman\u0131z\u0131 sa\u011flayabilmek amac\u0131yla g\u00fcvenli\u011finiz i\u00e7in \u00e7e\u015fitli gizlilik ilkeleri belirlemi\u015ftir. Bu bildirim dahlinde a\u015fa\u011f\u0131da g\u00f6sterilecek bu ilkeler www.kaffetedarik.com internet sitesi ve t\u00fcm alt internet sitelerinde veri toplanmas\u0131 ve\/veya kullan\u0131m\u0131 konusunda uygulanmak \u00fczere belirlenmi\u015f ve a\u00e7\u0131klanmaktad\u0131r.www.kaffetedarik.com internet sitesi ziyaret etmekle ve\/veya kullanmakla belirtilen bu ilkelerin t\u00fcm\u00fcn\u00fc kabul etmi\u015f olursunuz.<\/p>\n<p>www.kaffetedarik.com kendisine yap\u0131lacak geri bildirimler do\u011frultusunda Gizlilik Bildirimi b\u00f6l\u00fcm\u00fcnde d\u00fczeltme ve g\u00fcncelleme gibi i\u015flemleri her zaman i\u00e7in yapabilir. www.kaffetedarik.com sitesinde yer alan Gizlilik Bildirimi b\u00f6l\u00fcm\u00fcn\u00fc belli aral\u0131klarla okuman\u0131z sonucunda <strong>KAFFE TEDAR\u0130K <\/strong>ki\u015fisel bilgilerinizin g\u00fcvenli\u011fi konusundaki kararl\u0131l\u0131\u011f\u0131ndan ve bu anlamdaki yeni geli\u015fmelerden haberdar olabilirsiniz.<\/p>\n<p><strong>KAFFE TEDAR\u0130K,<\/strong> ziyaret\u00e7ileri ya da kullan\u0131c\u0131lar\u0131 taraf\u0131ndan www.kaffetedarik.com adl\u0131 web siteleri (Site) \u00fczerinden kendisine elektronik ortamdan iletilen her t\u00fcrden ki\u015fisel bilgileri \u00fc\u00e7\u00fcnc\u00fc ki\u015filere a\u00e7\u0131klamayacakt\u0131r. <strong>KAFFE TEDAR\u0130K <\/strong>kendisine iletilen ki\u015fisel bilgileri, bilgilerin toplanmas\u0131 ile ilgili a\u00e7\u0131klanan ama\u00e7lar d\u0131\u015f\u0131nda \u00fc\u00e7\u00fcnc\u00fc ki\u015filerle kesinlikle payla\u015fmayacak, bunlar\u0131 satmayacak ve hi\u00e7bir \u015fart alt\u0131nda kullan\u0131lmas\u0131na izin vermeyecektir.<\/p>\n<p>Sitedeki sistemle ilgili sorunlar\u0131n tan\u0131mlanabilmesi ve Site\u2019de \u00e7\u0131kabilecek muhtemel sorunlar\u0131n acil olarak giderilmesi i\u00e7in, <strong>KAFFE TEDAR\u0130K<\/strong> gerekti\u011finde kullan\u0131c\u0131lar\u0131n IP adresini tespit edebilir ve bunlar\u0131 da an\u0131lan bu ama\u00e7larla kullanabilir. Bu IP adresleri, <strong>KAFFE TEDAR\u0130K<\/strong>\u00a0taraf\u0131ndan kullan\u0131c\u0131lar\u0131n\u0131 ve ziyaret\u00e7ilerini genel anlamda tan\u0131mlamak ve kapsaml\u0131 \u015fekilde demografik veri toplayabilmek amac\u0131yla da kullan\u0131labilir.<\/p>\n<p><strong>KAFFE TEDAR\u0130K<\/strong>, Site i\u00e7erisinde ba\u015fkaca sitelere link (ba\u011flant\u0131) sa\u011flayabilir. <strong>KAFFE TEDAR\u0130K<\/strong> bu ba\u011flant\u0131 yoluyla eri\u015filen di\u011fer sitelerin gizlilik uygulama ve politikalar\u0131na ya da bar\u0131nd\u0131rd\u0131klar\u0131 i\u00e7eriklere y\u00f6nelik olmak \u00fczere hi\u00e7bir sorumluluk ta\u015f\u0131mamaktad\u0131r.<\/p>\n<p>www.kaffetedarik.com\u2019da Secure Sockets Layer (SSL) teknolojisi kullan\u0131lmaktad\u0131r. 128 bit SSL sertifikam\u0131z sayesinde ki\u015fisel bilgileriniz \u015fifrelendi\u011finden 3.\u015fah\u0131slar\u0131n ellerine ge\u00e7mesi tamam\u0131 ile engellenmi\u015ftir.<\/p>\n","protected":false},"excerpt":{"rendered":"<p>KAFFE TEDAR\u0130K gizlili\u011finizi korumak ve kullan\u0131lmakta bulunan teknolojik altyap\u0131dan en \u00fcst seviyede yararlanman\u0131z\u0131 sa\u011flayabilmek amac\u0131yla g\u00fcvenli\u011finiz i\u00e7in \u00e7e\u015fitli gizlilik ilkeleri belirlemi\u015ftir. Bu bildirim dahlinde a\u015fa\u011f\u0131da g\u00f6sterilecek bu ilkeler www.kaffetedarik.com internet sitesi ve t\u00fcm alt internet sitelerinde veri toplanmas\u0131 ve\/veya kullan\u0131m\u0131 konusunda uygulanmak \u00fczere belirlenmi\u015f ve a\u00e7\u0131klanmaktad\u0131r.www.kaffetedarik.com internet sitesi ziyaret etmekle ve\/veya kullanmakla belirtilen bu ilkelerin [&hellip;]<\/p>\n","protected":false},"author":1,"featured_media":0,"parent":0,"menu_order":0,"comment_status":"closed","ping_status":"closed","template":"","meta":{"footnotes":""},"_links":{"self":[{"href":"https:\/\/kaffetedarik.com\/index.php?rest_route=\/wp\/v2\/pages\/355"}],"collection":[{"href":"https:\/\/kaffetedarik.com\/index.php?rest_route=\/wp\/v2\/pages"}],"about":[{"href":"https:\/\/kaffetedarik.com\/index.php?rest_route=\/wp\/v2\/types\/page"}],"author":[{"embeddable":true,"href":"https:\/\/kaffetedarik.com\/index.php?rest_route=\/wp\/v2\/users\/1"}],"replies":[{"embeddable":true,"href":"https:\/\/kaffetedarik.com\/index.php?rest_route=%2Fwp%2Fv2%2Fcomments&post=355"}],"version-history":[{"count":5,"href":"https:\/\/kaffetedarik.com\/index.php?rest_route=\/wp\/v2\/pages\/355\/revisions"}],"predecessor-version":[{"id":411,"href":"https:\/\/kaffetedarik.com\/index.php?rest_route=\/wp\/v2\/pages\/355\/revisions\/411"}],"wp:attachment":[{"href":"https:\/\/kaffetedarik.com\/index.php?rest_route=%2Fwp%2Fv2%2Fmedia&parent=355"}],"curies":[{"name":"wp","href":"https:\/\/api.w.org\/{rel}","templated":true}]}}