{"id":413,"date":"2022-07-06T21:12:40","date_gmt":"2022-07-06T18:12:40","guid":{"rendered":"https:\/\/kaffetedarik.com\/?page_id=413"},"modified":"2022-07-06T21:12:40","modified_gmt":"2022-07-06T18:12:40","slug":"kalite-politikamiz","status":"publish","type":"page","link":"https:\/\/kaffetedarik.com\/?page_id=413","title":{"rendered":"Kalite Politikam\u0131z"},"content":{"rendered":"<p>En y\u00fcksek kalitede, g\u0131da g\u00fcvenli\u011fine uygun \u00fcr\u00fcnler sunmak i\u00e7in Kalite ve G\u0131da G\u00fcvenli\u011fi Y\u00f6netim Sistemi gerekliliklerini t\u00fcm \u00e7al\u0131\u015fanlar\u0131m\u0131z\u0131n kat\u0131l\u0131m\u0131 ile uygulayaca\u011f\u0131z ve etkinli\u011fini s\u00fcrekli geli\u015ftirece\u011fiz. Tedarik\u00e7ilerimiz, sistemimizin en \u00f6nemli oyuncusu ve i\u015f ortaklar\u0131m\u0131zd\u0131r. Tedarik zincirinin her a\u015famas\u0131nda; insan sa\u011fl\u0131\u011f\u0131n\u0131 \u00f6n planda tutarak \u00fcr\u00fcn g\u00fcvenli\u011finin, kalitesinin korunmas\u0131n\u0131 sa\u011flayacak \u00f6nlemleri alaca\u011f\u0131z.<\/p>\n","protected":false},"excerpt":{"rendered":"<p>En y\u00fcksek kalitede, g\u0131da g\u00fcvenli\u011fine uygun \u00fcr\u00fcnler sunmak i\u00e7in Kalite ve G\u0131da G\u00fcvenli\u011fi Y\u00f6netim Sistemi gerekliliklerini t\u00fcm \u00e7al\u0131\u015fanlar\u0131m\u0131z\u0131n kat\u0131l\u0131m\u0131 ile uygulayaca\u011f\u0131z ve etkinli\u011fini s\u00fcrekli geli\u015ftirece\u011fiz. Tedarik\u00e7ilerimiz, sistemimizin en \u00f6nemli oyuncusu ve i\u015f ortaklar\u0131m\u0131zd\u0131r. Tedarik zincirinin her a\u015famas\u0131nda; insan sa\u011fl\u0131\u011f\u0131n\u0131 \u00f6n planda tutarak \u00fcr\u00fcn g\u00fcvenli\u011finin, kalitesinin korunmas\u0131n\u0131 sa\u011flayacak \u00f6nlemleri alaca\u011f\u0131z.<\/p>\n","protected":false},"author":1,"featured_media":0,"parent":0,"menu_order":0,"comment_status":"closed","ping_status":"closed","template":"","meta":{"footnotes":""},"_links":{"self":[{"href":"https:\/\/kaffetedarik.com\/index.php?rest_route=\/wp\/v2\/pages\/413"}],"collection":[{"href":"https:\/\/kaffetedarik.com\/index.php?rest_route=\/wp\/v2\/pages"}],"about":[{"href":"https:\/\/kaffetedarik.com\/index.php?rest_route=\/wp\/v2\/types\/page"}],"author":[{"embeddable":true,"href":"https:\/\/kaffetedarik.com\/index.php?rest_route=\/wp\/v2\/users\/1"}],"replies":[{"embeddable":true,"href":"https:\/\/kaffetedarik.com\/index.php?rest_route=%2Fwp%2Fv2%2Fcomments&post=413"}],"version-history":[{"count":1,"href":"https:\/\/kaffetedarik.com\/index.php?rest_route=\/wp\/v2\/pages\/413\/revisions"}],"predecessor-version":[{"id":414,"href":"https:\/\/kaffetedarik.com\/index.php?rest_route=\/wp\/v2\/pages\/413\/revisions\/414"}],"wp:attachment":[{"href":"https:\/\/kaffetedarik.com\/index.php?rest_route=%2Fwp%2Fv2%2Fmedia&parent=413"}],"curies":[{"name":"wp","href":"https:\/\/api.w.org\/{rel}","templated":true}]}}