{"id":498,"date":"2022-07-23T15:39:45","date_gmt":"2022-07-23T12:39:45","guid":{"rendered":"https:\/\/kaffetedarik.com\/?page_id=498"},"modified":"2022-08-12T08:35:10","modified_gmt":"2022-08-12T05:35:10","slug":"katalog","status":"publish","type":"page","link":"https:\/\/kaffetedarik.com\/?page_id=498","title":{"rendered":"KATALOG"},"content":{"rendered":"<h1><a href=\"https:\/\/kaffetedarik.com\/wp-content\/uploads\/2022\/07\/Limmo-Sunum.pdf\">Limmo Limonata Sunum<\/a><\/h1>\n<h1><a href=\"https:\/\/kaffetedarik.com\/wp-content\/uploads\/2022\/07\/Limmo-Sunum-I\u0307ngilizce-Tasarim.pdf\">Limmo Limonata &#8211; En<\/a><\/h1>\n<h1><a href=\"https:\/\/kaffetedarik.com\/wp-content\/uploads\/2022\/07\/01-TOKANA-KATALOG-TR-EN.pdf\">Tokana Mant\u0131 TR-En<\/a><\/h1>\n<h1><a href=\"https:\/\/kaffetedarik.com\/wp-content\/uploads\/2022\/07\/Sanpanino-Low.pdf\">Sanpanino Sandvi\u00e7<\/a><\/h1>\n<h1><a href=\"https:\/\/kaffetedarik.com\/wp-content\/uploads\/2022\/07\/Safir-Tuz-Katalog-ve-Barkod-listesi.pdf\">Safir TUZ (Kaya)<\/a><\/h1>\n<h1><a href=\"https:\/\/kaffetedarik.com\/wp-content\/uploads\/2022\/07\/Billur_tuz_katalog.pdf\">Billur TUZ (Deniz)<\/a><\/h1>\n<h1><a href=\"https:\/\/kaffetedarik.com\/wp-content\/uploads\/2022\/08\/Sinangil_Urun_Katalogu.pdf\">Sinangil<\/a><\/h1>\n<h1><a href=\"https:\/\/kaffetedarik.com\/wp-content\/uploads\/2022\/08\/katalog.pdf\">Koska<\/a><\/h1>\n<h1><a href=\"https:\/\/kaffetedarik.com\/wp-content\/uploads\/2022\/08\/nuhun-ankara-urun-katalogu.pdf\">Nuhun Ankara<\/a><\/h1>\n<h1>Beypazar\u0131<\/h1>\n<h1><a href=\"https:\/\/kaffetedarik.com\/wp-content\/uploads\/2022\/08\/duru-urun-katalogu.pdf\">Duru<\/a><\/h1>\n<h1><a href=\"https:\/\/kaffetedarik.com\/wp-content\/uploads\/2022\/08\/katalog-1.pdf\">\u00d6nc\u00fc<\/a><\/h1>\n<p>&nbsp;<\/p>\n","protected":false},"excerpt":{"rendered":"<p>Limmo Limonata Sunum Limmo Limonata &#8211; En Tokana Mant\u0131 TR-En Sanpanino Sandvi\u00e7 Safir TUZ (Kaya) Billur TUZ (Deniz) Sinangil Koska Nuhun Ankara Beypazar\u0131 Duru \u00d6nc\u00fc &nbsp;<\/p>\n","protected":false},"author":1,"featured_media":0,"parent":0,"menu_order":0,"comment_status":"closed","ping_status":"closed","template":"","meta":{"footnotes":""},"_links":{"self":[{"href":"https:\/\/kaffetedarik.com\/index.php?rest_route=\/wp\/v2\/pages\/498"}],"collection":[{"href":"https:\/\/kaffetedarik.com\/index.php?rest_route=\/wp\/v2\/pages"}],"about":[{"href":"https:\/\/kaffetedarik.com\/index.php?rest_route=\/wp\/v2\/types\/page"}],"author":[{"embeddable":true,"href":"https:\/\/kaffetedarik.com\/index.php?rest_route=\/wp\/v2\/users\/1"}],"replies":[{"embeddable":true,"href":"https:\/\/kaffetedarik.com\/index.php?rest_route=%2Fwp%2Fv2%2Fcomments&post=498"}],"version-history":[{"count":11,"href":"https:\/\/kaffetedarik.com\/index.php?rest_route=\/wp\/v2\/pages\/498\/revisions"}],"predecessor-version":[{"id":608,"href":"https:\/\/kaffetedarik.com\/index.php?rest_route=\/wp\/v2\/pages\/498\/revisions\/608"}],"wp:attachment":[{"href":"https:\/\/kaffetedarik.com\/index.php?rest_route=%2Fwp%2Fv2%2Fmedia&parent=498"}],"curies":[{"name":"wp","href":"https:\/\/api.w.org\/{rel}","templated":true}]}}